{"id":103,"date":"2019-08-24T10:54:45","date_gmt":"2019-08-24T10:54:45","guid":{"rendered":"https:\/\/samuname.com\/?page_id=103"},"modified":"2020-03-03T10:01:04","modified_gmt":"2020-03-03T10:01:04","slug":"redes-internacionales","status":"publish","type":"page","link":"https:\/\/samuname.com\/?page_id=103","title":{"rendered":"Redes Internacionales"},"content":{"rendered":"\n<h3 class=\"wp-block-heading\"><strong>UNESCO<\/strong><\/h3>\n\n\n\n<p>Firme defensor de los valores de UNESCO tomo parte de modo habitual de dos \u00e1mbitos: <a href=\"https:\/\/www.google.com\/search?q=Convention+2005+on+the+protection+and+Promotion+of+the+Diversity+of+Cultural+Expression&amp;oq=Convention+2005+on+the+protection+and+Promotion+of+the+Diversity+of+Cultural+Expression&amp;aqs=chrome..69i57&amp;sourceid=chrome&amp;ie=UTF-8\">la convenci\u00f3n 2005 para la protecci\u00f3n y promoci\u00f3n de la diversidad de las expresiones culturales<\/a> y  &nbsp;<a href=\"https:\/\/en.unesco.org\/interculturaldialogue\/\">e-Platform on intercultural dialogue<\/a>, as\u00ed como en redes colaboradoras como FICDC, CID, etc.<\/p>\n\n\n\n<ul class=\"wp-block-list\"><li>\u00ab<strong>Convention 2005 on the protection and Promotion of the Diversity of Cultural Expressions<\/strong>\u00ab. He asistido a:<ul><li>Ninth ordinary session of the Intergovernmental Committee. UNESCO &#8211; Cultural Diversity&nbsp;  \u2013 UNESCO 14-16.12.2015 &#8211; PARIS  <\/li><li>ELEVENTH ORDINARY SESSION OF THE INTERGOVERNMENTAL COMMITTEE.  12 al 15&nbsp;de diciembre de 2017  <\/li><li>CONFERENCE OF PARTIES TO THE CONVENTION ON THE PROTECTION AND PROMOTION OF THE DIVERSITY OF CULTURAL EXPRESSIONS. UNESCO Headquarters. 12-15 Junio 2017  <\/li><li>12 SESI\u00d3N DEL COMIT\u00c9 INTERGUBERNAMENTAL DE LA CONVENCI\u00d3N 2005 &#8211; 11 al 14 de diciembre de 2018<\/li><li> 13 SESI\u00d3N DEL COMIT\u00c9 INTERGUBERNAMENTAL DE LA CONVENCI\u00d3N 2005 &#8211; 11 al 14 de febrero de 2020<\/li><\/ul><\/li><\/ul>\n\n\n\n<div class=\"wp-block-image\"><figure class=\"aligncenter is-resized\"><img loading=\"lazy\" decoding=\"async\" src=\"https:\/\/samuname.com\/wp-content\/uploads\/2019\/08\/unescologo.jpg\" alt=\"\" class=\"wp-image-193\" width=\"243\" height=\"103\" srcset=\"https:\/\/samuname.com\/wp-content\/uploads\/2019\/08\/unescologo.jpg 344w, https:\/\/samuname.com\/wp-content\/uploads\/2019\/08\/unescologo-300x127.jpg 300w\" sizes=\"auto, (max-width: 243px) 85vw, 243px\" \/><\/figure><\/div>\n\n\n\n<figure class=\"wp-block-image\"><img loading=\"lazy\" decoding=\"async\" width=\"797\" height=\"449\" src=\"https:\/\/samuname.com\/wp-content\/uploads\/2019\/08\/20151215_150045.jpg\" alt=\"\" class=\"wp-image-378\" srcset=\"https:\/\/samuname.com\/wp-content\/uploads\/2019\/08\/20151215_150045.jpg 797w, https:\/\/samuname.com\/wp-content\/uploads\/2019\/08\/20151215_150045-300x169.jpg 300w, https:\/\/samuname.com\/wp-content\/uploads\/2019\/08\/20151215_150045-768x433.jpg 768w\" sizes=\"auto, (max-width: 797px) 85vw, 797px\" \/><\/figure>\n\n\n\n<p>             <strong>FICDC<\/strong>. Soy miembro de la <a href=\"https:\/\/ficdc.org\/fr\/\">Federaci\u00f3n Internacional de coaliciones por la diversidad cultural<\/a>, con sede en canada.<\/p>\n\n\n\n<div class=\"wp-block-image\"><figure class=\"aligncenter\"><img loading=\"lazy\" decoding=\"async\" width=\"93\" height=\"22\" src=\"https:\/\/samuname.com\/wp-content\/uploads\/2019\/08\/thumbnail_image003.jpg\" alt=\"\" class=\"wp-image-196\"\/><\/figure><\/div>\n\n\n\n<p>              <strong>SCO . <\/strong>Desde 2017, la sociedad civil dentro de la convenci\u00f3n se ha puesto en marcha  como coordinadora para articular un portavoz valido y  s\u00f3lido ante las partes. Empezamos a asistir ea las reuniones sostenidas en Paris en diciembre de 2017 hasta la actualidad.<\/p>\n\n\n\n<p> <strong>&nbsp;e-Platform on intercultural dialogue <\/strong><\/p>\n\n\n\n<p>Tal y como se define la plataforma: <\/p>\n\n\n\n<p>\u00bb As our world is ever more connected, and diversity is our modern reality,<br>intercultural dialogue is essential to uphold human rights, and fight racism,<br>discrimination, intolerance and extremism. \u00ab<\/p>\n\n\n\n<h3 class=\"wp-block-heading\"><strong>C.A.E. &#8211; <a href=\"https:\/\/cultureactioneurope.org\/\">Culture Ation Europe<\/a><\/strong><\/h3>\n\n\n\n<p>Red internacional sobre cultura, formo parte como miembro individual desde 2016, tomando parte de diversos forums, plataformas y acciones puntuales como<\/p>\n\n\n\n<ul class=\"wp-block-list\"><li><strong>JAMM&#8217;EUROPE &#8211; Culture Action Europe. <\/strong>2017, 2018, 2019<\/li><\/ul>\n\n\n\n<div class=\"wp-block-image\"><figure class=\"aligncenter is-resized\"><img loading=\"lazy\" decoding=\"async\" src=\"https:\/\/samuname.com\/wp-content\/uploads\/2019\/08\/descarga.png\" alt=\"\" class=\"wp-image-198\" width=\"80\" height=\"80\" srcset=\"https:\/\/samuname.com\/wp-content\/uploads\/2019\/08\/descarga.png 225w, https:\/\/samuname.com\/wp-content\/uploads\/2019\/08\/descarga-150x150.png 150w\" sizes=\"auto, (max-width: 80px) 85vw, 80px\" \/><\/figure><\/div>\n\n\n\n<h3 class=\"wp-block-heading\"><strong><a href=\"https:\/\/www.annalindhfoundation.org\/\">Fundaci\u00f3n Anna Lindh<\/a><\/strong><\/h3>\n\n\n\n<p>Desde la <strong>asociaci\u00f3n Biluts<\/strong> en Bilbao-Espa\u00f1a y la <strong>asociaci\u00f3n INVERSI<\/strong> de Par\u00eds-Francia he tomado parte de la comisi\u00f3n ejecutiva de la red espa\u00f1ola en el periodo 2008-2011 y participado en el <strong>Forum de la Fundaci\u00f3n<\/strong> en Barcelona 2010, Marsella 2013 (ya dentro de la red francesa) y Malta 2016.<\/p>\n\n\n\n<p>Desde la red espa\u00f1ola lanzamos en la acci\u00f3n com\u00fan VECINOS y tom\u00e9 parte del <strong>ENCUENTRO  HISPANO \u2013 MARROQU\u00cd<\/strong> en TANGER, del 15 al 17 de abril de 2011.<\/p>\n\n\n\n<p>Dentro de las convocatorias internacionales de la fundaci\u00f3n (1001 actions y  \u2018Restore Trust, Rebuild Bridges\u2019\u00a0) dise\u00f1\u00e9 y dirig\u00ed dos festivales que se realizaron en Bilbao.<\/p>\n\n\n\n<div class=\"wp-block-image\"><figure class=\"aligncenter is-resized\"><img loading=\"lazy\" decoding=\"async\" src=\"https:\/\/samuname.com\/wp-content\/uploads\/2019\/08\/ALF.jpg\" alt=\"\" class=\"wp-image-203\" width=\"164\" height=\"92\"\/><\/figure><\/div>\n\n\n<p><!--StartFragment--><\/p>\n\n\n<h3 class=\"wp-block-heading\"><strong>SALTO-YOUTH<\/strong><\/h3>\n\n\n\n<p>He participado en <strong><a href=\"https:\/\/www.salto-youth.net\/rc\/euromed\/\">SALTO EUROMED<\/a><\/strong> en los a\u00f1os de m\u00e1ximo impulso de la red.<\/p>\n\n\n\n<p>La idea de un \u00bb Nostrum Mare \u00bb con fuertes  v\u00ednculos culturales ha sido siempre un objetivo en la b\u00fasqueda de v\u00ednculos y puentes identitarios.<\/p>\n\n\n\n<p>Seminarios en los que he tomado parte:<\/p>\n\n\n\n<ul class=\"wp-block-list\"><li> <strong>THE INTERNATIONAL CONFERENCE EU NEIGHBOURHOOD POLICY AND MIGRATIONS.<\/strong>SALTO-YOUTH EUROMED RESOURCE CENTRE  02\/12\/2007 Duraci\u00f3n: 70h <\/li><li><strong>LETS MEET OUR NEIGHBOURS AND THE WORLD<\/strong>. SALTO-YOUTH EUROMED RESOURCE CENTRE. PARIS.  12\/12\/2007 Duraci\u00f3n:50 h  <\/li><li> <strong>PLACE AND ROLE OF MINORITIES IN EUROMED.<\/strong> DPTO. CULTURA. GOBIERNO VASCO. 30\/09\/2007 Duraci\u00f3n: 90 h.<\/li><li>SALTO EUROMED RESOURCES CENTRE<strong>. EVS ODYSSEY IN EUROMED. Grecia &#8211; 2006<\/strong> <\/li><\/ul>\n\n\n\n<div class=\"wp-block-image\"><figure class=\"aligncenter is-resized\"><img loading=\"lazy\" decoding=\"async\" src=\"https:\/\/samuname.com\/wp-content\/uploads\/2019\/08\/descarga.jpg\" alt=\"\" class=\"wp-image-205\" width=\"100\" height=\"100\" srcset=\"https:\/\/samuname.com\/wp-content\/uploads\/2019\/08\/descarga.jpg 225w, https:\/\/samuname.com\/wp-content\/uploads\/2019\/08\/descarga-150x150.jpg 150w\" sizes=\"auto, (max-width: 100px) 85vw, 100px\" \/><\/figure><\/div>\n\n\n<p><!--EndFragment--><\/p>\n\n\n<p><\/p>\n","protected":false},"excerpt":{"rendered":"<p>UNESCO Firme defensor de los valores de UNESCO tomo parte de modo habitual de dos \u00e1mbitos: la convenci\u00f3n 2005 para la protecci\u00f3n y promoci\u00f3n de la diversidad de las expresiones culturales y &nbsp;e-Platform on intercultural dialogue, as\u00ed como en redes colaboradoras como FICDC, CID, etc. \u00abConvention 2005 on the protection and Promotion of the Diversity &hellip; <a href=\"https:\/\/samuname.com\/?page_id=103\" class=\"more-link\">Continuar leyendo<span class=\"screen-reader-text\"> \u00abRedes Internacionales\u00bb<\/span><\/a><\/p>\n","protected":false},"author":1,"featured_media":0,"parent":0,"menu_order":0,"comment_status":"closed","ping_status":"closed","template":"","meta":{"sfsi_plus_gutenberg_text_before_share":"","sfsi_plus_gutenberg_show_text_before_share":"","sfsi_plus_gutenberg_icon_type":"","sfsi_plus_gutenberg_icon_alignemt":"","sfsi_plus_gutenburg_max_per_row":"","ngg_post_thumbnail":0,"footnotes":""},"class_list":["post-103","page","type-page","status-publish","hentry"],"_links":{"self":[{"href":"https:\/\/samuname.com\/index.php?rest_route=\/wp\/v2\/pages\/103","targetHints":{"allow":["GET"]}}],"collection":[{"href":"https:\/\/samuname.com\/index.php?rest_route=\/wp\/v2\/pages"}],"about":[{"href":"https:\/\/samuname.com\/index.php?rest_route=\/wp\/v2\/types\/page"}],"author":[{"embeddable":true,"href":"https:\/\/samuname.com\/index.php?rest_route=\/wp\/v2\/users\/1"}],"replies":[{"embeddable":true,"href":"https:\/\/samuname.com\/index.php?rest_route=%2Fwp%2Fv2%2Fcomments&post=103"}],"version-history":[{"count":38,"href":"https:\/\/samuname.com\/index.php?rest_route=\/wp\/v2\/pages\/103\/revisions"}],"predecessor-version":[{"id":485,"href":"https:\/\/samuname.com\/index.php?rest_route=\/wp\/v2\/pages\/103\/revisions\/485"}],"wp:attachment":[{"href":"https:\/\/samuname.com\/index.php?rest_route=%2Fwp%2Fv2%2Fmedia&parent=103"}],"curies":[{"name":"wp","href":"https:\/\/api.w.org\/{rel}","templated":true}]}}