{"id":105,"date":"2019-08-24T10:54:58","date_gmt":"2019-08-24T10:54:58","guid":{"rendered":"https:\/\/samuname.com\/?page_id=105"},"modified":"2019-09-14T22:37:33","modified_gmt":"2019-09-14T22:37:33","slug":"inversi","status":"publish","type":"page","link":"https:\/\/samuname.com\/?page_id=105","title":{"rendered":"Inversi"},"content":{"rendered":"\n<p>L\u2019Association   est n\u00e9e en 2006, pour concevoir un r\u00e9seau, par le \nbiais d\u2019activit\u00e9s interculturelles, dans le but de cr?er des espaces \npropices au rapprochement et \u00e0la connaissance r\u00e9ciproque des diff\u00e9rentes\n cultures qui cohabitent dans notre entourage europ\u00e9en.<br><br>\n\nNotre projet utilise l\u2019Identit\u00e9 et la Culture afin de g\u00e9n\u00e9rer des dynamiques qui cr\u00e9ent ces espaces de rencontre.\n<br><br>\nPour cela, \n<br>\n<br>\nNous consid\u00e9rons indispensable la cr\u00e9ation d\u2019outils pour que, dans ces \nespaces de rencontre, actes culturels et sportifs, les participants \npartagent et \u00e9tablissent des liaisons avec l\u2019entourage r\u00e9cepteur pouvant\n les mener ? une plus grande int\u00e9gration ? notre soci\u00e9t\u00e9. Et ceci de \ndeux fa\u00e7ons :\n\n<br>\n<br>\nProduire des artistes , des evenements et spectacles (musique th\u03b8atre, cin\u03b9ma,  danses&#8230;) \nqui pour priorit\u03b9 la diversit\u03b9 culturelle. \n<br><br>\nProjets de cooperation culturel internationnal.\n<br><br>\nProjets pour la jeunesse.\n\n<\/p>\n","protected":false},"excerpt":{"rendered":"<p>L\u2019Association est n\u00e9e en 2006, pour concevoir un r\u00e9seau, par le biais d\u2019activit\u00e9s interculturelles, dans le but de cr?er des espaces propices au rapprochement et \u00e0la connaissance r\u00e9ciproque des diff\u00e9rentes cultures qui cohabitent dans notre entourage europ\u00e9en. Notre projet utilise l\u2019Identit\u00e9 et la Culture afin de g\u00e9n\u00e9rer des dynamiques qui cr\u00e9ent ces espaces de rencontre. &hellip; <a href=\"https:\/\/samuname.com\/?page_id=105\" class=\"more-link\">Continuar leyendo<span class=\"screen-reader-text\"> \u00abInversi\u00bb<\/span><\/a><\/p>\n","protected":false},"author":1,"featured_media":268,"parent":0,"menu_order":0,"comment_status":"closed","ping_status":"closed","template":"","meta":{"sfsi_plus_gutenberg_text_before_share":"","sfsi_plus_gutenberg_show_text_before_share":"","sfsi_plus_gutenberg_icon_type":"","sfsi_plus_gutenberg_icon_alignemt":"","sfsi_plus_gutenburg_max_per_row":"","ngg_post_thumbnail":0,"footnotes":""},"class_list":["post-105","page","type-page","status-publish","has-post-thumbnail","hentry"],"_links":{"self":[{"href":"https:\/\/samuname.com\/index.php?rest_route=\/wp\/v2\/pages\/105","targetHints":{"allow":["GET"]}}],"collection":[{"href":"https:\/\/samuname.com\/index.php?rest_route=\/wp\/v2\/pages"}],"about":[{"href":"https:\/\/samuname.com\/index.php?rest_route=\/wp\/v2\/types\/page"}],"author":[{"embeddable":true,"href":"https:\/\/samuname.com\/index.php?rest_route=\/wp\/v2\/users\/1"}],"replies":[{"embeddable":true,"href":"https:\/\/samuname.com\/index.php?rest_route=%2Fwp%2Fv2%2Fcomments&post=105"}],"version-history":[{"count":2,"href":"https:\/\/samuname.com\/index.php?rest_route=\/wp\/v2\/pages\/105\/revisions"}],"predecessor-version":[{"id":269,"href":"https:\/\/samuname.com\/index.php?rest_route=\/wp\/v2\/pages\/105\/revisions\/269"}],"wp:featuredmedia":[{"embeddable":true,"href":"https:\/\/samuname.com\/index.php?rest_route=\/wp\/v2\/media\/268"}],"wp:attachment":[{"href":"https:\/\/samuname.com\/index.php?rest_route=%2Fwp%2Fv2%2Fmedia&parent=105"}],"curies":[{"name":"wp","href":"https:\/\/api.w.org\/{rel}","templated":true}]}}