{"id":38,"date":"2019-08-24T08:51:30","date_gmt":"2019-08-24T08:51:30","guid":{"rendered":"https:\/\/samuname.com\/?page_id=38"},"modified":"2019-09-14T22:38:22","modified_gmt":"2019-09-14T22:38:22","slug":"biluts","status":"publish","type":"page","link":"https:\/\/samuname.com\/?page_id=38","title":{"rendered":"Biluts"},"content":{"rendered":"\n<p>En 2005, acabando con la fase de creaci\u00f3n de asociaciones y tras referencias internacionales sobre todo de Francia, puse en marcha el proyecto Biluts, a trav\u00e9s de planes trienales.<\/p>\n\n\n\n<p>El objetivo era pasar a una siguiente fase. Tras reforzar identidades hab\u00eda que mostrarlas y producir encuentros de modo natural, por los propios intereses de cada uno, sin discurso, sino por simples encuentros humanos. Fueran f\u00fatbol, comer, bailar, espect\u00e1culos, etc., el objetivo era atraer a partir del inter\u00e9s propio y producir un encuentro no esperado que creara sinergias,  cambiando  el rol de acogidos a acogedores, lo que permit\u00eda una apertura natural.<\/p>\n\n\n\n<p>El \u00e9xito de este proyecto es para mi innegable, habi\u00e9ndose creado  un sinf\u00edn de entidades, grupos y actividades desde las nuestras. No hay que olvidar que hasta 2008 las instituciones no pusieron en marcha subvenciones a la interculturalidad, lo que convert\u00eda en pionera nuestra intervenci\u00f3n.<\/p>\n\n\n\n<p>Los 3 planes trienales los fui dise\u00f1ando a partir del cambio social. <\/p>\n\n\n\n<p>En la primera fase no exist\u00eda conocimiento del otro y se bas\u00f3 m\u00e1s en mostrar en calles, ferias  y centros escolares, as\u00ed como reforzar la formaci\u00f3n a profesores y educadores.<\/p>\n\n\n\n<p>La segunda vivo por la participaci\u00f3n conjunta, cursos, talleres, fiestas, equipos de f\u00fatbol mixtos, etc<\/p>\n\n\n\n<p>La tercera por un empoderamiento a partir de muestras culturales de calidad: proyectos europeos, festivales profesionales, colaboraci\u00f3n con la Universidad del Pa\u00eds vasco&#8230;<\/p>\n\n\n\n<p>Adjunto memoria\/resumen de la entidad.<\/p>\n\n\n\n<div class=\"wp-block-file\"><a href=\"https:\/\/samuname.com\/wp-content\/uploads\/2019\/08\/dossier-biluts2.pdf\">dossier-biluts2<\/a><a href=\"https:\/\/samuname.com\/wp-content\/uploads\/2019\/08\/dossier-biluts2.pdf\" class=\"wp-block-file__button\" download>Descarga<\/a><\/div>\n\n\n\n<div class=\"wp-block-flagallery-gallery flagallery-shortcode\">[flagallery gid=1 skin=nivogallery]<\/div>\n","protected":false},"excerpt":{"rendered":"<p>En 2005, acabando con la fase de creaci\u00f3n de asociaciones y tras referencias internacionales sobre todo de Francia, puse en marcha el proyecto Biluts, a trav\u00e9s de planes trienales. El objetivo era pasar a una siguiente fase. Tras reforzar identidades hab\u00eda que mostrarlas y producir encuentros de modo natural, por los propios intereses de cada &hellip; <a href=\"https:\/\/samuname.com\/?page_id=38\" class=\"more-link\">Continuar leyendo<span class=\"screen-reader-text\"> \u00abBiluts\u00bb<\/span><\/a><\/p>\n","protected":false},"author":1,"featured_media":0,"parent":0,"menu_order":0,"comment_status":"closed","ping_status":"closed","template":"","meta":{"sfsi_plus_gutenberg_text_before_share":"","sfsi_plus_gutenberg_show_text_before_share":"","sfsi_plus_gutenberg_icon_type":"","sfsi_plus_gutenberg_icon_alignemt":"","sfsi_plus_gutenburg_max_per_row":"","ngg_post_thumbnail":0,"footnotes":""},"class_list":["post-38","page","type-page","status-publish","hentry"],"_links":{"self":[{"href":"https:\/\/samuname.com\/index.php?rest_route=\/wp\/v2\/pages\/38","targetHints":{"allow":["GET"]}}],"collection":[{"href":"https:\/\/samuname.com\/index.php?rest_route=\/wp\/v2\/pages"}],"about":[{"href":"https:\/\/samuname.com\/index.php?rest_route=\/wp\/v2\/types\/page"}],"author":[{"embeddable":true,"href":"https:\/\/samuname.com\/index.php?rest_route=\/wp\/v2\/users\/1"}],"replies":[{"embeddable":true,"href":"https:\/\/samuname.com\/index.php?rest_route=%2Fwp%2Fv2%2Fcomments&post=38"}],"version-history":[{"count":7,"href":"https:\/\/samuname.com\/index.php?rest_route=\/wp\/v2\/pages\/38\/revisions"}],"predecessor-version":[{"id":345,"href":"https:\/\/samuname.com\/index.php?rest_route=\/wp\/v2\/pages\/38\/revisions\/345"}],"wp:attachment":[{"href":"https:\/\/samuname.com\/index.php?rest_route=%2Fwp%2Fv2%2Fmedia&parent=38"}],"curies":[{"name":"wp","href":"https:\/\/api.w.org\/{rel}","templated":true}]}}