{"id":47,"date":"2019-08-24T10:20:19","date_gmt":"2019-08-24T10:20:19","guid":{"rendered":"https:\/\/samuname.com\/?page_id=47"},"modified":"2019-09-14T22:41:54","modified_gmt":"2019-09-14T22:41:54","slug":"programacion","status":"publish","type":"page","link":"https:\/\/samuname.com\/?page_id=47","title":{"rendered":"Programaci\u00f3n"},"content":{"rendered":"\n<h4 class=\"wp-block-heading\"><strong>Sala Kaos &#8211; Leioa.<\/strong><\/h4>\n\n\n\n<p>Durante dos a\u00f1os programamos de modo semanal conciertos de peque\u00f1o formato para nuestra sala de 300 personas, donde el objetivo era la promoci\u00f3n musical del entorno vasco<\/p>\n\n\n\n<div class=\"wp-block-flagallery-gallery flagallery-shortcode\">[flagallery gid=24 skin=nivogallery]<\/div>\n\n\n\n<h4 class=\"wp-block-heading\"><strong>Sala Circuito Munguia &#8211; Bizkaia<\/strong><\/h4>\n\n\n\n<p>Sala con un aforo superior a las 2000 personas en el a\u00f1o 2001 realic\u00e9 la programaci\u00f3n de la Sala que se convirti\u00f3 en sala de conciertos durante el periodo de mi estancia all\u00ed: <\/p>\n\n\n\n<p>Program\u00e9 a grupos como: Mago de Oz, Reincidentes,  S.A., Berri Txarrak, Lisabo, etc.<\/p>\n\n\n\n<h4 class=\"wp-block-heading\">Danza<\/h4>\n\n\n\n<p>Merlin Nyakam es un  artista camerun\u00e9s excepcional con una creatividad, sensibilidad y calidad esc\u00e9nica que tiene muy pocos artistas en el mundo. Lo program\u00e9 en dos ocasiones, acompa\u00f1ando sus presentaciones con seminarios de danza.<\/p>\n\n\n\n<div class=\"wp-block-flagallery-gallery flagallery-shortcode\">[flagallery gid=23 skin=nivogallery]<\/div>\n\n\n\n<p>M\u00fasica. En la segunda fase de programaci\u00f3n musical, y correspondiendo a la estrategia sobre diversidad cultural que llevaba a cabo, program\u00e9 diversos artistas africanos de nivel internacional, como  Abdou Guitt\u00e9 seck,  Pape Diouf,  Chronik 2H,  Kergui &#8230;<\/p>\n\n\n\n<h4 class=\"wp-block-heading\">\u00abLa noche de la percusi\u00f3n\u00bb. 22 de mayo de 2008 &#8211; Getxo Antzokia<\/h4>\n\n\n\n<p> En el 2008  dedicado a la interculturalidad la <strong>Anna Lindh Foundation<\/strong>  convoc\u00f3 para para la noche del 22 de mayo de 2008 \u00abLa noche por e\u00f1  Dialogo entre culturas. Organizaciones de  37 paises, del \u00e1rea  euromediterranea  convocaron multiples actividades en las distintas  ciudades del mundo. (www.1001actions.org)<\/p>\n\n\n\n<p>Para es noche prepar\u00e9 un dialogo: <strong>\u00abLa noche de la percusi\u00f3n para el dialogo entre las culturas\u00bb<\/strong>.<\/p>\n\n\n\n<p>La\n percusi\u00f3n es herramienta de comunicaci\u00f3n universal y se convoc\u00f3 \npercusionistas vascos (Oreka TX) y de Costa de Marfil (Africa d&#8217;Ivoiry) \nen un espectaculo interdisciplinar y conjunto.<br> Durante 4 horas, los \ndiferentes sonidos, ritmos y bailes tomaron el escenario getxotarra al \nmismo tiempo que se realizaban las actividades en todos los pa\u00edses. <\/p>\n\n\n\n<div class=\"wp-block-flagallery-gallery flagallery-shortcode\">[flagallery gid=19 skin=nivogallery]<\/div>\n\n\n\n<h4 class=\"wp-block-heading\">Festival JET LAG 2008 y 2009<\/h4>\n\n\n\n<p>Program\u00e9 en el <strong>Jet Lag <\/strong>2008 y 2009, organizado por el Ayuntamiento de Bilbao  con varios eventos.  En 2008 fue el concierto del cantante <strong>Pape Diouf<\/strong> as\u00ed como una batalla de \u00abgallos\u00bb y ya en el 2009, con programaci\u00f3n de Bii Bor black en el concierto de Daara J  as\u00ed como una Jamm  entre percusiones africanas, vascas y \u00e1rabes. <\/p>\n\n\n\n<div class=\"wp-block-flagallery-gallery flagallery-shortcode\">[flagallery gid=18 skin=nivogallery]<\/div>\n\n\n\n<p><strong>Festival \u00c1frica Vive<\/strong><\/p>\n\n\n\n<p>En 2010, tras tomar parte del Festival Dakar Vis a Vis como jurado, realic\u00e9 la programaci\u00f3n de danza para el Festival \u00c1frica Vive con Jant-bi, Auguste Ouadrougou, Ebale Zam, Cir\u00e9 Beye, Ibrahima Thiam, Pape Vieira, programando en Bilbao, Vitoria, Santiago de Compostela y Madrid.<\/p>\n\n\n\n<div class=\"wp-block-flagallery-gallery flagallery-shortcode\">[flagallery gid=21 skin=nivogallery]<\/div>\n","protected":false},"excerpt":{"rendered":"<p>Sala Kaos &#8211; Leioa. Durante dos a\u00f1os programamos de modo semanal conciertos de peque\u00f1o formato para nuestra sala de 300 personas, donde el objetivo era la promoci\u00f3n musical del entorno vasco Sala Circuito Munguia &#8211; Bizkaia Sala con un aforo superior a las 2000 personas en el a\u00f1o 2001 realic\u00e9 la programaci\u00f3n de la Sala &hellip; <a href=\"https:\/\/samuname.com\/?page_id=47\" class=\"more-link\">Continuar leyendo<span class=\"screen-reader-text\"> \u00abProgramaci\u00f3n\u00bb<\/span><\/a><\/p>\n","protected":false},"author":1,"featured_media":0,"parent":0,"menu_order":0,"comment_status":"closed","ping_status":"closed","template":"","meta":{"sfsi_plus_gutenberg_text_before_share":"","sfsi_plus_gutenberg_show_text_before_share":"","sfsi_plus_gutenberg_icon_type":"","sfsi_plus_gutenberg_icon_alignemt":"","sfsi_plus_gutenburg_max_per_row":"","ngg_post_thumbnail":0,"footnotes":""},"class_list":["post-47","page","type-page","status-publish","hentry"],"_links":{"self":[{"href":"https:\/\/samuname.com\/index.php?rest_route=\/wp\/v2\/pages\/47","targetHints":{"allow":["GET"]}}],"collection":[{"href":"https:\/\/samuname.com\/index.php?rest_route=\/wp\/v2\/pages"}],"about":[{"href":"https:\/\/samuname.com\/index.php?rest_route=\/wp\/v2\/types\/page"}],"author":[{"embeddable":true,"href":"https:\/\/samuname.com\/index.php?rest_route=\/wp\/v2\/users\/1"}],"replies":[{"embeddable":true,"href":"https:\/\/samuname.com\/index.php?rest_route=%2Fwp%2Fv2%2Fcomments&post=47"}],"version-history":[{"count":17,"href":"https:\/\/samuname.com\/index.php?rest_route=\/wp\/v2\/pages\/47\/revisions"}],"predecessor-version":[{"id":394,"href":"https:\/\/samuname.com\/index.php?rest_route=\/wp\/v2\/pages\/47\/revisions\/394"}],"wp:attachment":[{"href":"https:\/\/samuname.com\/index.php?rest_route=%2Fwp%2Fv2%2Fmedia&parent=47"}],"curies":[{"name":"wp","href":"https:\/\/api.w.org\/{rel}","templated":true}]}}