{"id":53,"date":"2019-08-24T10:25:11","date_gmt":"2019-08-24T10:25:11","guid":{"rendered":"https:\/\/samuname.com\/?page_id=53"},"modified":"2019-09-14T22:38:33","modified_gmt":"2019-09-14T22:38:33","slug":"escena","status":"publish","type":"page","link":"https:\/\/samuname.com\/?page_id=53","title":{"rendered":"Escena"},"content":{"rendered":"\n<p>El \u00e1mbito esc\u00e9nico lo he considerado b\u00e1sico en mi  investigaci\u00f3n tanto la muestra en una primera fase de identidades culturales y sociales particulares (programaci\u00f3n y producci\u00f3n), como posteriormente como una herramienta de mostrar lo creado en la frontera identitaria y\/o resultado del encuentro y dialogo entre identidades.<\/p>\n\n\n\n<p>Desde la Asociaci\u00f3n Ankidu he promovido unas becas para artistas en la frontera para ayudar a procesos creativos cruzados, que resultan a mi entender de m\u00e1xima utilidad investigadora en el proceso de  transmisi\u00f3n cultural e identitario.<\/p>\n\n\n\n<p>Escena para mi es un laboratorio de investigaci\u00f3n, no solamente en el proceso de transmisi\u00f3n sino en la interacci\u00f3n con los espectadores, elemento esencial de la aplicaci\u00f3n social de las metodolog\u00edas  de encuentro y transmisi\u00f3n. (\u00abEst\u00e9tica relacional\u00bb N. Bourriaud,; \u00abAntropolog\u00eda del teatro\u00bb, E. Barba)<\/p>\n\n\n\n<p>Desde 2014 hasta 2018 he trabajado en Bilbao y Paris con peque\u00f1as residencias donde a trav\u00e9s de una metodolog\u00eda de de-composici\u00f3n y desocultaci\u00f3n del inconsciente,  tanto con amateurs como con profesionales, para observar procesos creativos y relacionales que me pudieran dar pistas de los procesos de comunicaci\u00f3n y transmisi\u00f3n identitaria.<\/p>\n\n\n\n<figure class=\"wp-block-image\"><img loading=\"lazy\" decoding=\"async\" width=\"826\" height=\"202\" src=\"https:\/\/samuname.com\/wp-content\/uploads\/2019\/08\/inicio2.jpg\" alt=\"\" class=\"wp-image-191\" srcset=\"https:\/\/samuname.com\/wp-content\/uploads\/2019\/08\/inicio2.jpg 826w, https:\/\/samuname.com\/wp-content\/uploads\/2019\/08\/inicio2-300x73.jpg 300w, https:\/\/samuname.com\/wp-content\/uploads\/2019\/08\/inicio2-768x188.jpg 768w\" sizes=\"auto, (max-width: 826px) 85vw, 826px\" \/><\/figure>\n","protected":false},"excerpt":{"rendered":"<p>El \u00e1mbito esc\u00e9nico lo he considerado b\u00e1sico en mi investigaci\u00f3n tanto la muestra en una primera fase de identidades culturales y sociales particulares (programaci\u00f3n y producci\u00f3n), como posteriormente como una herramienta de mostrar lo creado en la frontera identitaria y\/o resultado del encuentro y dialogo entre identidades. Desde la Asociaci\u00f3n Ankidu he promovido unas becas &hellip; <a href=\"https:\/\/samuname.com\/?page_id=53\" class=\"more-link\">Continuar leyendo<span class=\"screen-reader-text\"> \u00abEscena\u00bb<\/span><\/a><\/p>\n","protected":false},"author":1,"featured_media":0,"parent":0,"menu_order":0,"comment_status":"closed","ping_status":"closed","template":"","meta":{"sfsi_plus_gutenberg_text_before_share":"","sfsi_plus_gutenberg_show_text_before_share":"","sfsi_plus_gutenberg_icon_type":"","sfsi_plus_gutenberg_icon_alignemt":"","sfsi_plus_gutenburg_max_per_row":"","ngg_post_thumbnail":0,"footnotes":""},"class_list":["post-53","page","type-page","status-publish","hentry"],"_links":{"self":[{"href":"https:\/\/samuname.com\/index.php?rest_route=\/wp\/v2\/pages\/53","targetHints":{"allow":["GET"]}}],"collection":[{"href":"https:\/\/samuname.com\/index.php?rest_route=\/wp\/v2\/pages"}],"about":[{"href":"https:\/\/samuname.com\/index.php?rest_route=\/wp\/v2\/types\/page"}],"author":[{"embeddable":true,"href":"https:\/\/samuname.com\/index.php?rest_route=\/wp\/v2\/users\/1"}],"replies":[{"embeddable":true,"href":"https:\/\/samuname.com\/index.php?rest_route=%2Fwp%2Fv2%2Fcomments&post=53"}],"version-history":[{"count":10,"href":"https:\/\/samuname.com\/index.php?rest_route=\/wp\/v2\/pages\/53\/revisions"}],"predecessor-version":[{"id":396,"href":"https:\/\/samuname.com\/index.php?rest_route=\/wp\/v2\/pages\/53\/revisions\/396"}],"wp:attachment":[{"href":"https:\/\/samuname.com\/index.php?rest_route=%2Fwp%2Fv2%2Fmedia&parent=53"}],"curies":[{"name":"wp","href":"https:\/\/api.w.org\/{rel}","templated":true}]}}