{"id":55,"date":"2019-08-24T10:25:27","date_gmt":"2019-08-24T10:25:27","guid":{"rendered":"https:\/\/samuname.com\/?page_id=55"},"modified":"2019-08-27T12:15:14","modified_gmt":"2019-08-27T12:15:14","slug":"senevasca","status":"publish","type":"page","link":"https:\/\/samuname.com\/?page_id=55","title":{"rendered":"Senevasca"},"content":{"rendered":"\n<p>Intervine creando asociaciones de personas de diversos pa\u00edses en un Bilbao donde no hab\u00eda tejido asociativo de inmigrantes, debido a que las instituciones solamente contemplaban tem\u00e1ticas de inserci\u00f3n  y exclusi\u00f3n puramente asistencial. <\/p>\n\n\n\n<p>Me parec\u00eda esencial reforzar las identidades para poder trabajar con ellas.<\/p>\n\n\n\n<p>Cre\u00e9 en 2001 la \u00absenevasca\u00bb, que abandon\u00e9 en 2005,  pero tambi\u00e9n la asociaci\u00f3n \u00abtamut\u00bb  de berebere de Barakaldo, la asociacion Guin\u00e9e-bizkaia de Guinea Conakry y la asociaci\u00f3n Brazuka de Brasil.<\/p>\n\n\n\n<p>La definici\u00f3n del propio colectivo era:<\/p>\n\n\n\n<p> \u00abLa asociaci\u00f3n vasco-senegalesa <strong>SENEVASCA<\/strong> naci\u00f3 a partir de la  evidencia de una situaci\u00f3n, en la que no exist\u00eda una infraestructura  efectiva que cubriera por un lado al colectivo senegales, ni entorno y\/o  actividades que permitieran establecer un marco de inter-culturalidad  con la cultura vasca de nuestro entorno m\u00e1s cercano. Cre\u00edmos necesario no establecer una asociacion de senegaleses sino estar  juntos vascos y senegaleses, manera en la que pensamos que las  actividades, el conocimiento mutuo y la ayuda pueden ser m\u00e1s efectivos. <\/p>\n\n\n\n<p>El objetivo era crear una estructura de apoyo global y s\u00f3lida, un punto  de referencia. Todo esto era evidente, desde la perspectiva de que ya  est\u00e1bamos realizando, de manera no organizada, diversas actividades  desde hac\u00eda ya un tiempo, y, nos dimos cuenta,  cuando comenzamos ayudar  en el a\u00f1o 2001, que muchos senegaleses desconoc\u00edan un mont\u00f3n de  derechos que ten\u00edan y, adem\u00e1s,  las informaciones de las que dispon\u00edan  siempre eran desperdigadas y provenientes de rumores, por no tener un  sitio de referencia que les inspirara confianza donde acudir, aparte de  la gran labor realizada por Papa Ndiaye desde su posici\u00f3n de secretario  de la antigua asociacion senegalesa, pero a titulo particular casi.  Hab\u00edamos estado ayudando v realizando actividades un tiempo suficiente  para ver que hab\u00eda que organizarse para conseguir m\u00e1s.  <\/p>\n\n\n\n<p>Por todo ello, se dise\u00f1\u00f3 un amplio espectro de actividades, intentando  cubrir en lo mayor que pudi\u00e9ramos, todos los \u00e1mbitos necesarios para la  obtenci\u00f3n de nuestros objetivos. \u00ab<\/p>\n\n\n\n<p> <\/p>\n\n\n\n<div class=\"wp-block-flagallery-gallery flagallery-shortcode\">[flagallery gid=5 skin=nivogallery]<\/div>\n","protected":false},"excerpt":{"rendered":"<p>Intervine creando asociaciones de personas de diversos pa\u00edses en un Bilbao donde no hab\u00eda tejido asociativo de inmigrantes, debido a que las instituciones solamente contemplaban tem\u00e1ticas de inserci\u00f3n y exclusi\u00f3n puramente asistencial. Me parec\u00eda esencial reforzar las identidades para poder trabajar con ellas. Cre\u00e9 en 2001 la \u00absenevasca\u00bb, que abandon\u00e9 en 2005, pero tambi\u00e9n la &hellip; <a href=\"https:\/\/samuname.com\/?page_id=55\" class=\"more-link\">Continuar leyendo<span class=\"screen-reader-text\"> \u00abSenevasca\u00bb<\/span><\/a><\/p>\n","protected":false},"author":1,"featured_media":220,"parent":0,"menu_order":0,"comment_status":"closed","ping_status":"closed","template":"","meta":{"sfsi_plus_gutenberg_text_before_share":"","sfsi_plus_gutenberg_show_text_before_share":"","sfsi_plus_gutenberg_icon_type":"","sfsi_plus_gutenberg_icon_alignemt":"","sfsi_plus_gutenburg_max_per_row":"","ngg_post_thumbnail":0,"footnotes":""},"class_list":["post-55","page","type-page","status-publish","has-post-thumbnail","hentry"],"_links":{"self":[{"href":"https:\/\/samuname.com\/index.php?rest_route=\/wp\/v2\/pages\/55","targetHints":{"allow":["GET"]}}],"collection":[{"href":"https:\/\/samuname.com\/index.php?rest_route=\/wp\/v2\/pages"}],"about":[{"href":"https:\/\/samuname.com\/index.php?rest_route=\/wp\/v2\/types\/page"}],"author":[{"embeddable":true,"href":"https:\/\/samuname.com\/index.php?rest_route=\/wp\/v2\/users\/1"}],"replies":[{"embeddable":true,"href":"https:\/\/samuname.com\/index.php?rest_route=%2Fwp%2Fv2%2Fcomments&post=55"}],"version-history":[{"count":8,"href":"https:\/\/samuname.com\/index.php?rest_route=\/wp\/v2\/pages\/55\/revisions"}],"predecessor-version":[{"id":238,"href":"https:\/\/samuname.com\/index.php?rest_route=\/wp\/v2\/pages\/55\/revisions\/238"}],"wp:featuredmedia":[{"embeddable":true,"href":"https:\/\/samuname.com\/index.php?rest_route=\/wp\/v2\/media\/220"}],"wp:attachment":[{"href":"https:\/\/samuname.com\/index.php?rest_route=%2Fwp%2Fv2%2Fmedia&parent=55"}],"curies":[{"name":"wp","href":"https:\/\/api.w.org\/{rel}","templated":true}]}}