{"id":70,"date":"2019-08-24T10:34:59","date_gmt":"2019-08-24T10:34:59","guid":{"rendered":"https:\/\/samuname.com\/?page_id=70"},"modified":"2019-09-14T22:38:41","modified_gmt":"2019-09-14T22:38:41","slug":"alumnos","status":"publish","type":"page","link":"https:\/\/samuname.com\/?page_id=70","title":{"rendered":"Escritos"},"content":{"rendered":"\n<p>Notas,&nbsp; apuntes, sin m\u00e1s pretensi\u00f3n que he escrito&nbsp; resultado de los m\u00faltiples encuentros con maestros:<\/p>\n\n\n\n<ul class=\"wp-block-list\"><li><a href=\"http:\/\/askt.eu\/conversando-con-harada-sensei\/\"><strong>Conversando con Harada sensei<\/strong><\/a><\/li><li><a href=\"http:\/\/askt.eu\/personajes-claves-en-el-estilo-de-funakoshi-obituario\/\"><strong>Personajes claves en el estilo de Funakoshi: obituario<\/strong><\/a><\/li><li><a href=\"http:\/\/askt.eu\/los-estafadores-de-la-tradicion-la-jka\/\"><strong>Los estafadores de la tradici\u00f3n: la JKA<\/strong><\/a><\/li><li><a href=\"http:\/\/askt.eu\/el-estilo-autentico-de-karate\/\"><strong>El estilo aut\u00e9ntico de karate<\/strong><\/a><\/li><li><a href=\"http:\/\/askt.eu\/apuntes-sobre-la-defensa-en-nuestro-karate\/\"><strong>Apuntes sobre la defensa en nuestro karate<\/strong><\/a><\/li><\/ul>\n\n\n\n<p><\/p>\n","protected":false},"excerpt":{"rendered":"<p>Notas,&nbsp; apuntes, sin m\u00e1s pretensi\u00f3n que he escrito&nbsp; resultado de los m\u00faltiples encuentros con maestros: Conversando con Harada sensei Personajes claves en el estilo de Funakoshi: obituario Los estafadores de la tradici\u00f3n: la JKA El estilo aut\u00e9ntico de karate Apuntes sobre la defensa en nuestro karate<\/p>\n","protected":false},"author":1,"featured_media":0,"parent":0,"menu_order":0,"comment_status":"closed","ping_status":"closed","template":"","meta":{"sfsi_plus_gutenberg_text_before_share":"","sfsi_plus_gutenberg_show_text_before_share":"","sfsi_plus_gutenberg_icon_type":"","sfsi_plus_gutenberg_icon_alignemt":"","sfsi_plus_gutenburg_max_per_row":"","ngg_post_thumbnail":0,"footnotes":""},"class_list":["post-70","page","type-page","status-publish","hentry"],"_links":{"self":[{"href":"https:\/\/samuname.com\/index.php?rest_route=\/wp\/v2\/pages\/70","targetHints":{"allow":["GET"]}}],"collection":[{"href":"https:\/\/samuname.com\/index.php?rest_route=\/wp\/v2\/pages"}],"about":[{"href":"https:\/\/samuname.com\/index.php?rest_route=\/wp\/v2\/types\/page"}],"author":[{"embeddable":true,"href":"https:\/\/samuname.com\/index.php?rest_route=\/wp\/v2\/users\/1"}],"replies":[{"embeddable":true,"href":"https:\/\/samuname.com\/index.php?rest_route=%2Fwp%2Fv2%2Fcomments&post=70"}],"version-history":[{"count":4,"href":"https:\/\/samuname.com\/index.php?rest_route=\/wp\/v2\/pages\/70\/revisions"}],"predecessor-version":[{"id":277,"href":"https:\/\/samuname.com\/index.php?rest_route=\/wp\/v2\/pages\/70\/revisions\/277"}],"wp:attachment":[{"href":"https:\/\/samuname.com\/index.php?rest_route=%2Fwp%2Fv2%2Fmedia&parent=70"}],"curies":[{"name":"wp","href":"https:\/\/api.w.org\/{rel}","templated":true}]}}