{"id":73,"date":"2019-08-24T10:36:11","date_gmt":"2019-08-24T10:36:11","guid":{"rendered":"https:\/\/samuname.com\/?page_id=73"},"modified":"2019-09-14T22:38:48","modified_gmt":"2019-09-14T22:38:48","slug":"formacion","status":"publish","type":"page","link":"https:\/\/samuname.com\/?page_id=73","title":{"rendered":"Formaci\u00f3n"},"content":{"rendered":"\n<p>En  distintas fases, seg\u00fan las necesidades que cre\u00eda que se deb\u00edan cubrir en cada momento, he  actuado como formador, principalmente en \u00e1reas relacionadas con la diversidad cultural y proyectos europeos.<\/p>\n\n\n\n<ul class=\"wp-block-list\"><li>Seminario: \u00abEuropa, programas, proyectos y realidad euro-mediterr\u00e1nea\u00bb 16h &#8211; Noviembre 2011<\/li><li>Seminario sobre Diversidad cultural. BILUTS 2010 <\/li><li>Cursos a profesores de centros formativos. BIZKAIA 2008-2010  <\/li><li>\u201cAULAS DE LA EXPERIENCIA\u201d   EHU-UPV 2008 -2009 <\/li><li> Curso para educadores de centros de menores de Gipuzkoa(MENA). 20h &#8211; DONOSTIA 2008 <\/li><\/ul>\n\n\n\n<p>Desde 2011 hasta la actualidad soy tutor de pr\u00e1cticas de la <strong>Facultad de  Educaci\u00f3n social del pa\u00eds vasco<\/strong>, habiendo formado a dos personas por a\u00f1o. <\/p>\n\n\n\n<p>El sentido de tomar parte de esa actividad es poder transmitir a personas que van a intervenir con extranjeros una metodolog\u00eda especifica, bottom-up, frente a la habitual up-down que es la principal en el Pa\u00eds Vasco.<\/p>\n\n\n\n<p>Para ello, se establece un proceso formativo de dos meses, acompa\u00f1ado por el proceso pr\u00e1ctico de intervenci\u00f3n.<\/p>\n","protected":false},"excerpt":{"rendered":"<p>En distintas fases, seg\u00fan las necesidades que cre\u00eda que se deb\u00edan cubrir en cada momento, he actuado como formador, principalmente en \u00e1reas relacionadas con la diversidad cultural y proyectos europeos. Seminario: \u00abEuropa, programas, proyectos y realidad euro-mediterr\u00e1nea\u00bb 16h &#8211; Noviembre 2011 Seminario sobre Diversidad cultural. BILUTS 2010 Cursos a profesores de centros formativos. BIZKAIA 2008-2010 &hellip; <a href=\"https:\/\/samuname.com\/?page_id=73\" class=\"more-link\">Continuar leyendo<span class=\"screen-reader-text\"> \u00abFormaci\u00f3n\u00bb<\/span><\/a><\/p>\n","protected":false},"author":1,"featured_media":0,"parent":0,"menu_order":0,"comment_status":"closed","ping_status":"closed","template":"","meta":{"sfsi_plus_gutenberg_text_before_share":"","sfsi_plus_gutenberg_show_text_before_share":"","sfsi_plus_gutenberg_icon_type":"","sfsi_plus_gutenberg_icon_alignemt":"","sfsi_plus_gutenburg_max_per_row":"","ngg_post_thumbnail":0,"footnotes":""},"class_list":["post-73","page","type-page","status-publish","hentry"],"_links":{"self":[{"href":"https:\/\/samuname.com\/index.php?rest_route=\/wp\/v2\/pages\/73","targetHints":{"allow":["GET"]}}],"collection":[{"href":"https:\/\/samuname.com\/index.php?rest_route=\/wp\/v2\/pages"}],"about":[{"href":"https:\/\/samuname.com\/index.php?rest_route=\/wp\/v2\/types\/page"}],"author":[{"embeddable":true,"href":"https:\/\/samuname.com\/index.php?rest_route=\/wp\/v2\/users\/1"}],"replies":[{"embeddable":true,"href":"https:\/\/samuname.com\/index.php?rest_route=%2Fwp%2Fv2%2Fcomments&post=73"}],"version-history":[{"count":7,"href":"https:\/\/samuname.com\/index.php?rest_route=\/wp\/v2\/pages\/73\/revisions"}],"predecessor-version":[{"id":339,"href":"https:\/\/samuname.com\/index.php?rest_route=\/wp\/v2\/pages\/73\/revisions\/339"}],"wp:attachment":[{"href":"https:\/\/samuname.com\/index.php?rest_route=%2Fwp%2Fv2%2Fmedia&parent=73"}],"curies":[{"name":"wp","href":"https:\/\/api.w.org\/{rel}","templated":true}]}}